{"id":101,"date":"2024-03-11T01:11:47","date_gmt":"2024-03-11T00:11:47","guid":{"rendered":"https:\/\/www.mistrovskyportret.cz\/?page_id=101"},"modified":"2024-12-08T18:04:14","modified_gmt":"2024-12-08T17:04:14","slug":"darkovy-poukaz","status":"publish","type":"page","link":"https:\/\/www.mistrovskyportret.cz\/?page_id=101","title":{"rendered":"D\u00e1rkov\u00fd certifik\u00e1t"},"content":{"rendered":"\n<p><strong><em>Nab\u00eddka, kter\u00e1 rozjasn\u00ed srdce Va\u0161ich bl\u00edzk\u00fdch &#8211; d\u00e1rkov\u00fd certifik\u00e1t (v r\u016fzn\u00fdch hodnot\u00e1ch) na zhotoven\u00ed portr\u00e9tu.<\/em><\/strong><\/p>\n\n\n\n<p class=\"has-text-align-left\">Po darov\u00e1n\u00ed poukazu m\u016f\u017ee prob\u011bhnout cel\u00fd proces (tedy profesion\u00e1ln\u00ed focen\u00ed autorkou a n\u00e1sledn\u00e9 zhotoven\u00ed portr\u00e9tu) nebo sta\u010d\u00ed zaslat fotografii a popsat Va\u0161e p\u0159\u00e1n\u00ed. <\/p>\n\n\n\n<figure class=\"wp-block-gallery has-nested-images columns-default is-cropped wp-block-gallery-1 is-layout-flex wp-block-gallery-is-layout-flex\">\n<figure class=\"wp-block-image aligncenter size-large is-style-default\"><img loading=\"lazy\" decoding=\"async\" width=\"1024\" height=\"683\" data-id=\"767\" src=\"https:\/\/www.mistrovskyportret.cz\/wp-content\/uploads\/2024\/12\/Darkovy-certifikat-6x4-Barbora-Lou-portret-1-1024x683.jpeg\" alt=\"d\u00e1rkov\u00fd certifik\u00e1t - Mistrovsk\u00fd portr\u00e9t Barbora Lou\" class=\"wp-image-767\" srcset=\"https:\/\/www.mistrovskyportret.cz\/wp-content\/uploads\/2024\/12\/Darkovy-certifikat-6x4-Barbora-Lou-portret-1-1024x683.jpeg 1024w, https:\/\/www.mistrovskyportret.cz\/wp-content\/uploads\/2024\/12\/Darkovy-certifikat-6x4-Barbora-Lou-portret-1-300x200.jpeg 300w, https:\/\/www.mistrovskyportret.cz\/wp-content\/uploads\/2024\/12\/Darkovy-certifikat-6x4-Barbora-Lou-portret-1-768x512.jpeg 768w, https:\/\/www.mistrovskyportret.cz\/wp-content\/uploads\/2024\/12\/Darkovy-certifikat-6x4-Barbora-Lou-portret-1-1536x1024.jpeg 1536w, https:\/\/www.mistrovskyportret.cz\/wp-content\/uploads\/2024\/12\/Darkovy-certifikat-6x4-Barbora-Lou-portret-1-2048x1365.jpeg 2048w\" sizes=\"auto, (max-width: 1024px) 100vw, 1024px\" \/><\/figure>\n<\/figure>\n\n\n\n<blockquote class=\"wp-block-quote is-layout-flow wp-block-quote-is-layout-flow\">\n<p><em>Ka\u017ed\u00fd krok m\u00e9 pr\u00e1ce je veden v\u00e1\u0161n\u00ed a pozornost\u00ed ke ka\u017ed\u00e9mu detailu a portr\u00e9tovan\u00e9 osob\u011b tak, abych vytvo\u0159ila d\u00edlo, kter\u00e9 bude pot\u011b\u0161en\u00edm pro obdarovan\u00e9ho. D\u00edky kvalit\u011b pou\u017eit\u00fdch materi\u00e1l\u016f a dodr\u017een\u00ed spr\u00e1vn\u00fdch technologick\u00fdch postup\u016f z\u016fstane cenn\u00fdm i  pro mnoho dal\u0161\u00edch generac\u00ed.<\/em><\/p>\n\n\n\n<p><em>Barbora Lou \u2665\ufe0f<\/em><\/p>\n<\/blockquote>\n\n\n\n<p><\/p>\n\n\n\n<div class=\"wp-block-columns is-layout-flex wp-container-core-columns-is-layout-1 wp-block-columns-is-layout-flex\">\n<div class=\"wp-block-column is-layout-flow wp-block-column-is-layout-flow\" style=\"flex-basis:100%\"><\/div>\n<\/div>\n\n\n<style id=\"wpforms-css-vars-238-block-91267c27-75b4-4531-87ab-1f161b7d4279\">\n\t\t\t\t#wpforms-238.wpforms-block-91267c27-75b4-4531-87ab-1f161b7d4279 {\n\t\t\t\t--wpforms-label-color: #999999;\n--wpforms-label-sublabel-color: #ffffff;\n--wpforms-button-background-color: #0693e3;\n--wpforms-button-text-color: #fafafa;\n--wpforms-field-size-input-height: 43px;\n--wpforms-field-size-input-spacing: 15px;\n--wpforms-field-size-font-size: 16px;\n--wpforms-field-size-line-height: 19px;\n--wpforms-field-size-padding-h: 14px;\n--wpforms-field-size-checkbox-size: 16px;\n--wpforms-field-size-sublabel-spacing: 5px;\n--wpforms-field-size-icon-size: 1;\n--wpforms-label-size-font-size: 18px;\n--wpforms-label-size-line-height: 21px;\n--wpforms-label-size-sublabel-font-size: 16px;\n--wpforms-label-size-sublabel-line-height: 19px;\n--wpforms-button-size-font-size: 17px;\n--wpforms-button-size-height: 41px;\n--wpforms-button-size-padding-h: 15px;\n--wpforms-button-size-margin-top: 10px;\n\t\t\t}\n\t\t\t<\/style><div class=\"wpforms-container wpforms-container-full wpforms-block wpforms-block-91267c27-75b4-4531-87ab-1f161b7d4279 wpforms-render-modern\" id=\"wpforms-238\"><form id=\"wpforms-form-238\" class=\"wpforms-validate wpforms-form wpforms-ajax-form\" data-formid=\"238\" method=\"post\" enctype=\"multipart\/form-data\" action=\"\/index.php?rest_route=%2Fwp%2Fv2%2Fpages%2F101\" data-token=\"656364b2f05bd0b1b0b46b27d268aeba\" data-token-time=\"1777454893\"><noscript class=\"wpforms-error-noscript\">Chcete-li vyplnit tento formul\u00e1\u0159, pros\u00edm povolte v prohl\u00ed\u017ee\u010di JavaScript.<\/noscript><div id=\"wpforms-error-noscript\" style=\"display: none;\">Chcete-li vyplnit tento formul\u00e1\u0159, pros\u00edm povolte v prohl\u00ed\u017ee\u010di JavaScript.<\/div><div class=\"wpforms-field-container\"><div id=\"wpforms-238-field_0-container\" class=\"wpforms-field wpforms-field-name\" data-field-id=\"0\"><label class=\"wpforms-field-label\" for=\"wpforms-238-field_0\">Jm\u00e9no<\/label><input type=\"text\" id=\"wpforms-238-field_0\" class=\"wpforms-field-medium\" name=\"wpforms[fields][0]\" aria-errormessage=\"wpforms-238-field_0-error\" ><\/div><div id=\"wpforms-238-field_1-container\" class=\"wpforms-field wpforms-field-email\" data-field-id=\"1\"><label class=\"wpforms-field-label\" for=\"wpforms-238-field_1\">E-mail nebo telefonn\u00ed kontakt <span class=\"wpforms-required-label\" aria-hidden=\"true\">*<\/span><\/label><input type=\"email\" id=\"wpforms-238-field_1\" class=\"wpforms-field-medium wpforms-field-required\" name=\"wpforms[fields][1]\" spellcheck=\"false\" aria-errormessage=\"wpforms-238-field_1-error\" required><\/div><div id=\"wpforms-238-field_2-container\" class=\"wpforms-field wpforms-field-textarea\" data-field-id=\"2\"><label class=\"wpforms-field-label\" for=\"wpforms-238-field_2\">Va\u0161e zpr\u00e1va<\/label><textarea id=\"wpforms-238-field_2\" class=\"wpforms-field-medium\" name=\"wpforms[fields][2]\" aria-errormessage=\"wpforms-238-field_2-error\" aria-describedby=\"wpforms-238-field_2-description\" ><\/textarea><div id=\"wpforms-238-field_2-description\" class=\"wpforms-field-description\">Zde m\u016f\u017eete napsat o jak\u00fd portr\u00e9t pro d\u00e1rkov\u00fd poukaz m\u00e1te z\u00e1jem, pop\u0159\u00edpad\u011b nevypl\u0148ujte, ozvu se V\u00e1m a spole\u010dn\u011b vybereme nejvhodn\u011bj\u0161\u00ed variantu.<\/div><\/div><\/div><!-- .wpforms-field-container --><div class=\"wpforms-submit-container\" ><input type=\"hidden\" name=\"wpforms[id]\" value=\"238\"><input type=\"hidden\" name=\"page_title\" value=\"\"><input type=\"hidden\" name=\"page_url\" value=\"https:\/\/www.mistrovskyportret.cz\/index.php?rest_route=\/wp\/v2\/pages\/101\"><input type=\"hidden\" name=\"url_referer\" value=\"\"><button type=\"submit\" name=\"wpforms[submit]\" id=\"wpforms-submit-238\" class=\"wpforms-submit\" data-alt-text=\"Odes\u00edl\u00e1ni...\" data-submit-text=\"Odeslat\" aria-live=\"assertive\" value=\"wpforms-submit\">Odeslat<\/button><img loading=\"lazy\" decoding=\"async\" src=\"https:\/\/www.mistrovskyportret.cz\/wp-content\/plugins\/wpforms-lite\/assets\/images\/submit-spin.svg\" class=\"wpforms-submit-spinner\" style=\"display: none;\" width=\"26\" height=\"26\" alt=\"Na\u010d\u00edt\u00e1n\u00ed\"><\/div><\/form><\/div>  <!-- .wpforms-container -->\n\n\n<p><\/p>\n","protected":false},"excerpt":{"rendered":"<p>Nab\u00eddka, kter\u00e1 rozjasn\u00ed srdce Va\u0161ich bl\u00edzk\u00fdch &#8211; d\u00e1rkov\u00fd certifik\u00e1t (v r\u016fzn\u00fdch hodnot\u00e1ch) na zhotoven\u00ed portr\u00e9tu. Po darov\u00e1n\u00ed poukazu m\u016f\u017ee prob\u011bhnout cel\u00fd proces (tedy profesion\u00e1ln\u00ed focen\u00ed autorkou a n\u00e1sledn\u00e9 zhotoven\u00ed portr\u00e9tu) nebo sta\u010d\u00ed zaslat fotografii a popsat Va\u0161e p\u0159\u00e1n\u00ed. Ka\u017ed\u00fd krok m\u00e9 pr\u00e1ce je veden v\u00e1\u0161n\u00ed a pozornost\u00ed ke ka\u017ed\u00e9mu detailu a portr\u00e9tovan\u00e9 osob\u011b tak, abych [&hellip;]<\/p>\n","protected":false},"author":1,"featured_media":767,"parent":0,"menu_order":0,"comment_status":"closed","ping_status":"closed","template":"","meta":{"_monsterinsights_skip_tracking":false,"_monsterinsights_sitenote_active":false,"_monsterinsights_sitenote_note":"","_monsterinsights_sitenote_category":0,"footnotes":""},"class_list":["post-101","page","type-page","status-publish","has-post-thumbnail","hentry"],"yoast_head":"<!-- This site is optimized with the Yoast SEO plugin v26.8 - https:\/\/yoast.com\/product\/yoast-seo-wordpress\/ -->\n<title>D\u00e1rkov\u00fd certifik\u00e1t - V\u00e1\u0161 Mistrovsk\u00fd portr\u00e9t<\/title>\n<meta name=\"robots\" content=\"index, follow, max-snippet:-1, max-image-preview:large, max-video-preview:-1\" \/>\n<link rel=\"canonical\" href=\"https:\/\/www.mistrovskyportret.cz\/?page_id=101\" \/>\n<meta property=\"og:locale\" content=\"cs_CZ\" \/>\n<meta property=\"og:type\" content=\"article\" \/>\n<meta property=\"og:title\" content=\"D\u00e1rkov\u00fd certifik\u00e1t - V\u00e1\u0161 Mistrovsk\u00fd portr\u00e9t\" \/>\n<meta property=\"og:description\" content=\"Nab\u00eddka, kter\u00e1 rozjasn\u00ed srdce Va\u0161ich bl\u00edzk\u00fdch &#8211; d\u00e1rkov\u00fd certifik\u00e1t (v r\u016fzn\u00fdch hodnot\u00e1ch) na zhotoven\u00ed portr\u00e9tu. Po darov\u00e1n\u00ed poukazu m\u016f\u017ee prob\u011bhnout cel\u00fd proces (tedy profesion\u00e1ln\u00ed focen\u00ed autorkou a n\u00e1sledn\u00e9 zhotoven\u00ed portr\u00e9tu) nebo sta\u010d\u00ed zaslat fotografii a popsat Va\u0161e p\u0159\u00e1n\u00ed. Ka\u017ed\u00fd krok m\u00e9 pr\u00e1ce je veden v\u00e1\u0161n\u00ed a pozornost\u00ed ke ka\u017ed\u00e9mu detailu a portr\u00e9tovan\u00e9 osob\u011b tak, abych [&hellip;]\" \/>\n<meta property=\"og:url\" content=\"https:\/\/www.mistrovskyportret.cz\/?page_id=101\" \/>\n<meta property=\"og:site_name\" content=\"V\u00e1\u0161 Mistrovsk\u00fd portr\u00e9t\" \/>\n<meta property=\"article:modified_time\" content=\"2024-12-08T17:04:14+00:00\" \/>\n<meta property=\"og:image\" content=\"https:\/\/www.mistrovskyportret.cz\/wp-content\/uploads\/2024\/12\/Darkovy-certifikat-6x4-Barbora-Lou-portret-1-scaled.jpeg\" \/>\n\t<meta property=\"og:image:width\" content=\"2560\" \/>\n\t<meta property=\"og:image:height\" content=\"1707\" \/>\n\t<meta property=\"og:image:type\" content=\"image\/jpeg\" \/>\n<meta name=\"twitter:card\" content=\"summary_large_image\" \/>\n<meta name=\"twitter:label1\" content=\"Odhadovan\u00e1 doba \u010dten\u00ed\" \/>\n\t<meta name=\"twitter:data1\" content=\"1 minuta\" \/>\n<script type=\"application\/ld+json\" class=\"yoast-schema-graph\">{\"@context\":\"https:\/\/schema.org\",\"@graph\":[{\"@type\":\"WebPage\",\"@id\":\"https:\/\/www.mistrovskyportret.cz\/?page_id=101\",\"url\":\"https:\/\/www.mistrovskyportret.cz\/?page_id=101\",\"name\":\"D\u00e1rkov\u00fd certifik\u00e1t - V\u00e1\u0161 Mistrovsk\u00fd portr\u00e9t\",\"isPartOf\":{\"@id\":\"https:\/\/www.mistrovskyportret.cz\/#website\"},\"primaryImageOfPage\":{\"@id\":\"https:\/\/www.mistrovskyportret.cz\/?page_id=101#primaryimage\"},\"image\":{\"@id\":\"https:\/\/www.mistrovskyportret.cz\/?page_id=101#primaryimage\"},\"thumbnailUrl\":\"https:\/\/www.mistrovskyportret.cz\/wp-content\/uploads\/2024\/12\/Darkovy-certifikat-6x4-Barbora-Lou-portret-1-scaled.jpeg\",\"datePublished\":\"2024-03-11T00:11:47+00:00\",\"dateModified\":\"2024-12-08T17:04:14+00:00\",\"breadcrumb\":{\"@id\":\"https:\/\/www.mistrovskyportret.cz\/?page_id=101#breadcrumb\"},\"inLanguage\":\"cs\",\"potentialAction\":[{\"@type\":\"ReadAction\",\"target\":[\"https:\/\/www.mistrovskyportret.cz\/?page_id=101\"]}]},{\"@type\":\"ImageObject\",\"inLanguage\":\"cs\",\"@id\":\"https:\/\/www.mistrovskyportret.cz\/?page_id=101#primaryimage\",\"url\":\"https:\/\/www.mistrovskyportret.cz\/wp-content\/uploads\/2024\/12\/Darkovy-certifikat-6x4-Barbora-Lou-portret-1-scaled.jpeg\",\"contentUrl\":\"https:\/\/www.mistrovskyportret.cz\/wp-content\/uploads\/2024\/12\/Darkovy-certifikat-6x4-Barbora-Lou-portret-1-scaled.jpeg\",\"width\":2560,\"height\":1707,\"caption\":\"D\u00e1rkov\u00fd certifik\u00e1t V\u00e1\u0161 mistrovsk\u00fd portr\u00e9t by Barbora Lou\"},{\"@type\":\"BreadcrumbList\",\"@id\":\"https:\/\/www.mistrovskyportret.cz\/?page_id=101#breadcrumb\",\"itemListElement\":[{\"@type\":\"ListItem\",\"position\":1,\"name\":\"Home\",\"item\":\"https:\/\/www.mistrovskyportret.cz\/\"},{\"@type\":\"ListItem\",\"position\":2,\"name\":\"D\u00e1rkov\u00fd certifik\u00e1t\"}]},{\"@type\":\"WebSite\",\"@id\":\"https:\/\/www.mistrovskyportret.cz\/#website\",\"url\":\"https:\/\/www.mistrovskyportret.cz\/\",\"name\":\"V\u00e1\u0161 Mistrovsk\u00fd portr\u00e9t\",\"description\":\"By Barbora Lou\",\"potentialAction\":[{\"@type\":\"SearchAction\",\"target\":{\"@type\":\"EntryPoint\",\"urlTemplate\":\"https:\/\/www.mistrovskyportret.cz\/?s={search_term_string}\"},\"query-input\":{\"@type\":\"PropertyValueSpecification\",\"valueRequired\":true,\"valueName\":\"search_term_string\"}}],\"inLanguage\":\"cs\"}]}<\/script>\n<!-- \/ Yoast SEO plugin. -->","yoast_head_json":{"title":"D\u00e1rkov\u00fd certifik\u00e1t - V\u00e1\u0161 Mistrovsk\u00fd portr\u00e9t","robots":{"index":"index","follow":"follow","max-snippet":"max-snippet:-1","max-image-preview":"max-image-preview:large","max-video-preview":"max-video-preview:-1"},"canonical":"https:\/\/www.mistrovskyportret.cz\/?page_id=101","og_locale":"cs_CZ","og_type":"article","og_title":"D\u00e1rkov\u00fd certifik\u00e1t - V\u00e1\u0161 Mistrovsk\u00fd portr\u00e9t","og_description":"Nab\u00eddka, kter\u00e1 rozjasn\u00ed srdce Va\u0161ich bl\u00edzk\u00fdch &#8211; d\u00e1rkov\u00fd certifik\u00e1t (v r\u016fzn\u00fdch hodnot\u00e1ch) na zhotoven\u00ed portr\u00e9tu. Po darov\u00e1n\u00ed poukazu m\u016f\u017ee prob\u011bhnout cel\u00fd proces (tedy profesion\u00e1ln\u00ed focen\u00ed autorkou a n\u00e1sledn\u00e9 zhotoven\u00ed portr\u00e9tu) nebo sta\u010d\u00ed zaslat fotografii a popsat Va\u0161e p\u0159\u00e1n\u00ed. Ka\u017ed\u00fd krok m\u00e9 pr\u00e1ce je veden v\u00e1\u0161n\u00ed a pozornost\u00ed ke ka\u017ed\u00e9mu detailu a portr\u00e9tovan\u00e9 osob\u011b tak, abych [&hellip;]","og_url":"https:\/\/www.mistrovskyportret.cz\/?page_id=101","og_site_name":"V\u00e1\u0161 Mistrovsk\u00fd portr\u00e9t","article_modified_time":"2024-12-08T17:04:14+00:00","og_image":[{"width":2560,"height":1707,"url":"https:\/\/www.mistrovskyportret.cz\/wp-content\/uploads\/2024\/12\/Darkovy-certifikat-6x4-Barbora-Lou-portret-1-scaled.jpeg","type":"image\/jpeg"}],"twitter_card":"summary_large_image","twitter_misc":{"Odhadovan\u00e1 doba \u010dten\u00ed":"1 minuta"},"schema":{"@context":"https:\/\/schema.org","@graph":[{"@type":"WebPage","@id":"https:\/\/www.mistrovskyportret.cz\/?page_id=101","url":"https:\/\/www.mistrovskyportret.cz\/?page_id=101","name":"D\u00e1rkov\u00fd certifik\u00e1t - V\u00e1\u0161 Mistrovsk\u00fd portr\u00e9t","isPartOf":{"@id":"https:\/\/www.mistrovskyportret.cz\/#website"},"primaryImageOfPage":{"@id":"https:\/\/www.mistrovskyportret.cz\/?page_id=101#primaryimage"},"image":{"@id":"https:\/\/www.mistrovskyportret.cz\/?page_id=101#primaryimage"},"thumbnailUrl":"https:\/\/www.mistrovskyportret.cz\/wp-content\/uploads\/2024\/12\/Darkovy-certifikat-6x4-Barbora-Lou-portret-1-scaled.jpeg","datePublished":"2024-03-11T00:11:47+00:00","dateModified":"2024-12-08T17:04:14+00:00","breadcrumb":{"@id":"https:\/\/www.mistrovskyportret.cz\/?page_id=101#breadcrumb"},"inLanguage":"cs","potentialAction":[{"@type":"ReadAction","target":["https:\/\/www.mistrovskyportret.cz\/?page_id=101"]}]},{"@type":"ImageObject","inLanguage":"cs","@id":"https:\/\/www.mistrovskyportret.cz\/?page_id=101#primaryimage","url":"https:\/\/www.mistrovskyportret.cz\/wp-content\/uploads\/2024\/12\/Darkovy-certifikat-6x4-Barbora-Lou-portret-1-scaled.jpeg","contentUrl":"https:\/\/www.mistrovskyportret.cz\/wp-content\/uploads\/2024\/12\/Darkovy-certifikat-6x4-Barbora-Lou-portret-1-scaled.jpeg","width":2560,"height":1707,"caption":"D\u00e1rkov\u00fd certifik\u00e1t V\u00e1\u0161 mistrovsk\u00fd portr\u00e9t by Barbora Lou"},{"@type":"BreadcrumbList","@id":"https:\/\/www.mistrovskyportret.cz\/?page_id=101#breadcrumb","itemListElement":[{"@type":"ListItem","position":1,"name":"Home","item":"https:\/\/www.mistrovskyportret.cz\/"},{"@type":"ListItem","position":2,"name":"D\u00e1rkov\u00fd certifik\u00e1t"}]},{"@type":"WebSite","@id":"https:\/\/www.mistrovskyportret.cz\/#website","url":"https:\/\/www.mistrovskyportret.cz\/","name":"V\u00e1\u0161 Mistrovsk\u00fd portr\u00e9t","description":"By Barbora Lou","potentialAction":[{"@type":"SearchAction","target":{"@type":"EntryPoint","urlTemplate":"https:\/\/www.mistrovskyportret.cz\/?s={search_term_string}"},"query-input":{"@type":"PropertyValueSpecification","valueRequired":true,"valueName":"search_term_string"}}],"inLanguage":"cs"}]}},"_links":{"self":[{"href":"https:\/\/www.mistrovskyportret.cz\/index.php?rest_route=\/wp\/v2\/pages\/101","targetHints":{"allow":["GET"]}}],"collection":[{"href":"https:\/\/www.mistrovskyportret.cz\/index.php?rest_route=\/wp\/v2\/pages"}],"about":[{"href":"https:\/\/www.mistrovskyportret.cz\/index.php?rest_route=\/wp\/v2\/types\/page"}],"author":[{"embeddable":true,"href":"https:\/\/www.mistrovskyportret.cz\/index.php?rest_route=\/wp\/v2\/users\/1"}],"replies":[{"embeddable":true,"href":"https:\/\/www.mistrovskyportret.cz\/index.php?rest_route=%2Fwp%2Fv2%2Fcomments&post=101"}],"version-history":[{"count":6,"href":"https:\/\/www.mistrovskyportret.cz\/index.php?rest_route=\/wp\/v2\/pages\/101\/revisions"}],"predecessor-version":[{"id":776,"href":"https:\/\/www.mistrovskyportret.cz\/index.php?rest_route=\/wp\/v2\/pages\/101\/revisions\/776"}],"wp:featuredmedia":[{"embeddable":true,"href":"https:\/\/www.mistrovskyportret.cz\/index.php?rest_route=\/wp\/v2\/media\/767"}],"wp:attachment":[{"href":"https:\/\/www.mistrovskyportret.cz\/index.php?rest_route=%2Fwp%2Fv2%2Fmedia&parent=101"}],"curies":[{"name":"wp","href":"https:\/\/api.w.org\/{rel}","templated":true}]}}