{"id":54,"date":"2024-03-10T22:55:09","date_gmt":"2024-03-10T21:55:09","guid":{"rendered":"https:\/\/www.mistrovskyportret.cz\/?page_id=54"},"modified":"2024-04-11T11:10:34","modified_gmt":"2024-04-11T09:10:34","slug":"kontakty","status":"publish","type":"page","link":"https:\/\/www.mistrovskyportret.cz\/?page_id=54","title":{"rendered":"Kontakty"},"content":{"rendered":"\n<p>info@mistrovskyportret.cz<\/p>\n\n\n\n<p>Tel.: +420 733 574 836<\/p>\n\n\n\n<p>        +420 702 030 004<\/p>\n\n\n<style id=\"wpforms-css-vars-106-block-e76eca9b-e3b3-497d-b840-bd5cda29513b\">\n\t\t\t\t#wpforms-106.wpforms-block-e76eca9b-e3b3-497d-b840-bd5cda29513b {\n\t\t\t\t--wpforms-field-border-color: #abb8c3;\n--wpforms-field-border-color-spare: #abb8c3;\n--wpforms-field-text-color: #010101;\n--wpforms-label-color: #fafafa;\n--wpforms-label-sublabel-color: #999998;\n--wpforms-label-error-color: #cf2e2e;\n--wpforms-button-border-radius: 3%;\n--wpforms-button-size-font-size: 20px;\n--wpforms-button-size-height: 48px;\n--wpforms-button-size-padding-h: 20px;\n--wpforms-button-size-margin-top: 15px;\n\t\t\t}\n\t\t\t<\/style><div class=\"wpforms-container wpforms-container-full wpforms-block wpforms-block-e76eca9b-e3b3-497d-b840-bd5cda29513b wpforms-render-modern\" id=\"wpforms-106\"><form id=\"wpforms-form-106\" class=\"wpforms-validate wpforms-form wpforms-ajax-form\" data-formid=\"106\" method=\"post\" enctype=\"multipart\/form-data\" action=\"\/index.php?rest_route=%2Fwp%2Fv2%2Fpages%2F54\" data-token=\"70ebad5ff4efc7b44e581ef13309acd4\" data-token-time=\"1777452101\"><div class=\"wpforms-head-container\"><div class=\"wpforms-title\">Kontaktn\u00ed formul\u00e1\u0159<\/div><\/div><noscript class=\"wpforms-error-noscript\">Chcete-li vyplnit tento formul\u00e1\u0159, pros\u00edm povolte v prohl\u00ed\u017ee\u010di JavaScript.<\/noscript><div id=\"wpforms-error-noscript\" style=\"display: none;\">Chcete-li vyplnit tento formul\u00e1\u0159, pros\u00edm povolte v prohl\u00ed\u017ee\u010di JavaScript.<\/div><div class=\"wpforms-field-container\"><div id=\"wpforms-106-field_0-container\" class=\"wpforms-field wpforms-field-name\" data-field-id=\"0\"><label class=\"wpforms-field-label\" for=\"wpforms-106-field_0\">Jm\u00e9no<\/label><input type=\"text\" id=\"wpforms-106-field_0\" class=\"wpforms-field-medium\" name=\"wpforms[fields][0]\" aria-errormessage=\"wpforms-106-field_0-error\" ><\/div><div id=\"wpforms-106-field_1-container\" class=\"wpforms-field wpforms-field-email\" data-field-id=\"1\"><label class=\"wpforms-field-label\" for=\"wpforms-106-field_1\">E-mail nebo jin\u00fd kontakt <span class=\"wpforms-required-label\" aria-hidden=\"true\">*<\/span><\/label><input type=\"email\" id=\"wpforms-106-field_1\" class=\"wpforms-field-medium wpforms-field-required\" name=\"wpforms[fields][1]\" spellcheck=\"false\" aria-errormessage=\"wpforms-106-field_1-error\" aria-describedby=\"wpforms-106-field_1-description\" required><div id=\"wpforms-106-field_1-description\" class=\"wpforms-field-description\">Pros\u00edm vypl\u0148te V\u00e1\u0161 email, abychom v\u011bd\u011bli, jak V\u00e1s kontaktovat.<\/div><\/div><div id=\"wpforms-106-field_2-container\" class=\"wpforms-field wpforms-field-textarea\" data-field-id=\"2\"><label class=\"wpforms-field-label\" for=\"wpforms-106-field_2\">Text Va\u0161\u00ed zpr\u00e1vy<\/label><textarea id=\"wpforms-106-field_2\" class=\"wpforms-field-medium\" name=\"wpforms[fields][2]\" aria-errormessage=\"wpforms-106-field_2-error\" ><\/textarea><\/div><\/div><!-- .wpforms-field-container --><div class=\"wpforms-submit-container\" ><input type=\"hidden\" name=\"wpforms[id]\" value=\"106\"><input type=\"hidden\" name=\"page_title\" value=\"\"><input type=\"hidden\" name=\"page_url\" value=\"https:\/\/www.mistrovskyportret.cz\/index.php?rest_route=\/wp\/v2\/pages\/54\"><input type=\"hidden\" name=\"url_referer\" value=\"\"><button type=\"submit\" name=\"wpforms[submit]\" id=\"wpforms-submit-106\" class=\"wpforms-submit\" data-alt-text=\"Odes\u00edl\u00e1ni...\" data-submit-text=\"Odeslat\" aria-live=\"assertive\" value=\"wpforms-submit\">Odeslat<\/button><img loading=\"lazy\" decoding=\"async\" src=\"https:\/\/www.mistrovskyportret.cz\/wp-content\/plugins\/wpforms-lite\/assets\/images\/submit-spin.svg\" class=\"wpforms-submit-spinner\" style=\"display: none;\" width=\"26\" height=\"26\" alt=\"Na\u010d\u00edt\u00e1n\u00ed\"><\/div><\/form><\/div>  <!-- .wpforms-container -->","protected":false},"excerpt":{"rendered":"<p>info@mistrovskyportret.cz Tel.: +420 733 574 836 +420 702 030 004<\/p>\n","protected":false},"author":1,"featured_media":0,"parent":0,"menu_order":0,"comment_status":"closed","ping_status":"closed","template":"","meta":{"_monsterinsights_skip_tracking":false,"_monsterinsights_sitenote_active":false,"_monsterinsights_sitenote_note":"","_monsterinsights_sitenote_category":0,"footnotes":""},"class_list":["post-54","page","type-page","status-publish","hentry"],"yoast_head":"<!-- This site is optimized with the Yoast SEO plugin v26.8 - https:\/\/yoast.com\/product\/yoast-seo-wordpress\/ -->\n<title>Kontakty - V\u00e1\u0161 Mistrovsk\u00fd portr\u00e9t<\/title>\n<meta name=\"description\" content=\"Portr\u00e9t na zak\u00e1zku by Barbora Lou - V\u00e1\u0161 Mistrovsk\u00fd portr\u00e9t barbora@mistrovskyportret.cz Tel.: +420 733 574 836\" \/>\n<meta name=\"robots\" content=\"index, follow, max-snippet:-1, max-image-preview:large, max-video-preview:-1\" \/>\n<link rel=\"canonical\" href=\"https:\/\/www.mistrovskyportret.cz\/?page_id=54\" \/>\n<meta property=\"og:locale\" content=\"cs_CZ\" \/>\n<meta property=\"og:type\" content=\"article\" \/>\n<meta property=\"og:title\" content=\"Kontakty - V\u00e1\u0161 Mistrovsk\u00fd portr\u00e9t\" \/>\n<meta property=\"og:description\" content=\"Portr\u00e9t na zak\u00e1zku by Barbora Lou - V\u00e1\u0161 Mistrovsk\u00fd portr\u00e9t barbora@mistrovskyportret.cz Tel.: +420 733 574 836\" \/>\n<meta property=\"og:url\" content=\"https:\/\/www.mistrovskyportret.cz\/?page_id=54\" \/>\n<meta property=\"og:site_name\" content=\"V\u00e1\u0161 Mistrovsk\u00fd portr\u00e9t\" \/>\n<meta property=\"article:modified_time\" content=\"2024-04-11T09:10:34+00:00\" \/>\n<meta name=\"twitter:card\" content=\"summary_large_image\" \/>\n<meta name=\"twitter:label1\" content=\"Odhadovan\u00e1 doba \u010dten\u00ed\" \/>\n\t<meta name=\"twitter:data1\" content=\"1 minuta\" \/>\n<script type=\"application\/ld+json\" class=\"yoast-schema-graph\">{\"@context\":\"https:\/\/schema.org\",\"@graph\":[{\"@type\":\"WebPage\",\"@id\":\"https:\/\/www.mistrovskyportret.cz\/?page_id=54\",\"url\":\"https:\/\/www.mistrovskyportret.cz\/?page_id=54\",\"name\":\"Kontakty - V\u00e1\u0161 Mistrovsk\u00fd portr\u00e9t\",\"isPartOf\":{\"@id\":\"https:\/\/www.mistrovskyportret.cz\/#website\"},\"datePublished\":\"2024-03-10T21:55:09+00:00\",\"dateModified\":\"2024-04-11T09:10:34+00:00\",\"description\":\"Portr\u00e9t na zak\u00e1zku by Barbora Lou - V\u00e1\u0161 Mistrovsk\u00fd portr\u00e9t barbora@mistrovskyportret.cz Tel.: +420 733 574 836\",\"breadcrumb\":{\"@id\":\"https:\/\/www.mistrovskyportret.cz\/?page_id=54#breadcrumb\"},\"inLanguage\":\"cs\",\"potentialAction\":[{\"@type\":\"ReadAction\",\"target\":[\"https:\/\/www.mistrovskyportret.cz\/?page_id=54\"]}]},{\"@type\":\"BreadcrumbList\",\"@id\":\"https:\/\/www.mistrovskyportret.cz\/?page_id=54#breadcrumb\",\"itemListElement\":[{\"@type\":\"ListItem\",\"position\":1,\"name\":\"Home\",\"item\":\"https:\/\/www.mistrovskyportret.cz\/\"},{\"@type\":\"ListItem\",\"position\":2,\"name\":\"Kontakty\"}]},{\"@type\":\"WebSite\",\"@id\":\"https:\/\/www.mistrovskyportret.cz\/#website\",\"url\":\"https:\/\/www.mistrovskyportret.cz\/\",\"name\":\"V\u00e1\u0161 Mistrovsk\u00fd portr\u00e9t\",\"description\":\"By Barbora Lou\",\"potentialAction\":[{\"@type\":\"SearchAction\",\"target\":{\"@type\":\"EntryPoint\",\"urlTemplate\":\"https:\/\/www.mistrovskyportret.cz\/?s={search_term_string}\"},\"query-input\":{\"@type\":\"PropertyValueSpecification\",\"valueRequired\":true,\"valueName\":\"search_term_string\"}}],\"inLanguage\":\"cs\"}]}<\/script>\n<!-- \/ Yoast SEO plugin. -->","yoast_head_json":{"title":"Kontakty - V\u00e1\u0161 Mistrovsk\u00fd portr\u00e9t","description":"Portr\u00e9t na zak\u00e1zku by Barbora Lou - V\u00e1\u0161 Mistrovsk\u00fd portr\u00e9t barbora@mistrovskyportret.cz Tel.: +420 733 574 836","robots":{"index":"index","follow":"follow","max-snippet":"max-snippet:-1","max-image-preview":"max-image-preview:large","max-video-preview":"max-video-preview:-1"},"canonical":"https:\/\/www.mistrovskyportret.cz\/?page_id=54","og_locale":"cs_CZ","og_type":"article","og_title":"Kontakty - V\u00e1\u0161 Mistrovsk\u00fd portr\u00e9t","og_description":"Portr\u00e9t na zak\u00e1zku by Barbora Lou - V\u00e1\u0161 Mistrovsk\u00fd portr\u00e9t barbora@mistrovskyportret.cz Tel.: +420 733 574 836","og_url":"https:\/\/www.mistrovskyportret.cz\/?page_id=54","og_site_name":"V\u00e1\u0161 Mistrovsk\u00fd portr\u00e9t","article_modified_time":"2024-04-11T09:10:34+00:00","twitter_card":"summary_large_image","twitter_misc":{"Odhadovan\u00e1 doba \u010dten\u00ed":"1 minuta"},"schema":{"@context":"https:\/\/schema.org","@graph":[{"@type":"WebPage","@id":"https:\/\/www.mistrovskyportret.cz\/?page_id=54","url":"https:\/\/www.mistrovskyportret.cz\/?page_id=54","name":"Kontakty - V\u00e1\u0161 Mistrovsk\u00fd portr\u00e9t","isPartOf":{"@id":"https:\/\/www.mistrovskyportret.cz\/#website"},"datePublished":"2024-03-10T21:55:09+00:00","dateModified":"2024-04-11T09:10:34+00:00","description":"Portr\u00e9t na zak\u00e1zku by Barbora Lou - V\u00e1\u0161 Mistrovsk\u00fd portr\u00e9t barbora@mistrovskyportret.cz Tel.: +420 733 574 836","breadcrumb":{"@id":"https:\/\/www.mistrovskyportret.cz\/?page_id=54#breadcrumb"},"inLanguage":"cs","potentialAction":[{"@type":"ReadAction","target":["https:\/\/www.mistrovskyportret.cz\/?page_id=54"]}]},{"@type":"BreadcrumbList","@id":"https:\/\/www.mistrovskyportret.cz\/?page_id=54#breadcrumb","itemListElement":[{"@type":"ListItem","position":1,"name":"Home","item":"https:\/\/www.mistrovskyportret.cz\/"},{"@type":"ListItem","position":2,"name":"Kontakty"}]},{"@type":"WebSite","@id":"https:\/\/www.mistrovskyportret.cz\/#website","url":"https:\/\/www.mistrovskyportret.cz\/","name":"V\u00e1\u0161 Mistrovsk\u00fd portr\u00e9t","description":"By Barbora Lou","potentialAction":[{"@type":"SearchAction","target":{"@type":"EntryPoint","urlTemplate":"https:\/\/www.mistrovskyportret.cz\/?s={search_term_string}"},"query-input":{"@type":"PropertyValueSpecification","valueRequired":true,"valueName":"search_term_string"}}],"inLanguage":"cs"}]}},"_links":{"self":[{"href":"https:\/\/www.mistrovskyportret.cz\/index.php?rest_route=\/wp\/v2\/pages\/54","targetHints":{"allow":["GET"]}}],"collection":[{"href":"https:\/\/www.mistrovskyportret.cz\/index.php?rest_route=\/wp\/v2\/pages"}],"about":[{"href":"https:\/\/www.mistrovskyportret.cz\/index.php?rest_route=\/wp\/v2\/types\/page"}],"author":[{"embeddable":true,"href":"https:\/\/www.mistrovskyportret.cz\/index.php?rest_route=\/wp\/v2\/users\/1"}],"replies":[{"embeddable":true,"href":"https:\/\/www.mistrovskyportret.cz\/index.php?rest_route=%2Fwp%2Fv2%2Fcomments&post=54"}],"version-history":[{"count":6,"href":"https:\/\/www.mistrovskyportret.cz\/index.php?rest_route=\/wp\/v2\/pages\/54\/revisions"}],"predecessor-version":[{"id":510,"href":"https:\/\/www.mistrovskyportret.cz\/index.php?rest_route=\/wp\/v2\/pages\/54\/revisions\/510"}],"wp:attachment":[{"href":"https:\/\/www.mistrovskyportret.cz\/index.php?rest_route=%2Fwp%2Fv2%2Fmedia&parent=54"}],"curies":[{"name":"wp","href":"https:\/\/api.w.org\/{rel}","templated":true}]}}